{"id":1049,"date":"2024-10-07T13:48:46","date_gmt":"2024-10-07T10:48:46","guid":{"rendered":"https:\/\/astlandakinnisvara.ee\/privaatsuspoliitika\/"},"modified":"2025-05-21T16:16:01","modified_gmt":"2025-05-21T13:16:01","slug":"privacy-policy","status":"publish","type":"page","link":"https:\/\/astlandakinnisvara.ee\/en\/privacy-policy\/","title":{"rendered":"Privacy Policy"},"content":{"rendered":"<h2>Principles for the processing of personal data by Astlanda Ehitus<\/h2>\n<p>By using the astlanda.ee website, you agree that O\u00dc Astlanda Ehitus, O\u00dc Astlanda Invest, and O\u00dc Jakobsoni 14 collect and use your data in accordance with this Privacy Policy.<br \/>\nBelow is a description of what data we collect, how we use it, and your rights to protect your data.<\/p>\n<p>The data controller is O\u00dc Astlanda Ehitus<br \/>\nRegistry code of the company: 11366804<br \/>\nEmail: <a href=\"mailto:astlanda@astlanda.ee\">astlanda@astlanda.ee<\/a><br \/>\nPhone: <a href=\"tel:+372%20698%208000\">+372 698 8000<\/a><\/p>\n<p>We collect and process data in accordance with the General Data Protection Regulation of the European Union (GDPR), which entered into force on 25 May 2018.<\/p>\n","protected":false},"excerpt":{"rendered":"<p>Principles for the processing of personal data by Astlanda Ehitus By using the astlanda.ee website, you agree that O\u00dc Astlanda Ehitus, O\u00dc Astlanda Invest, and O\u00dc Jakobsoni 14 collect and use your data in accordance with this Privacy Policy. Below is a description of what data we collect, how we use it, and your rights [&hellip;]<\/p>\n","protected":false},"author":1,"featured_media":834,"parent":0,"menu_order":0,"comment_status":"closed","ping_status":"open","template":"","meta":{"_acf_changed":false,"inline_featured_image":false,"footnotes":""},"class_list":["post-1049","page","type-page","status-publish","has-post-thumbnail","hentry"],"acf":[],"yoast_head":"<!-- This site is optimized with the Yoast SEO plugin v25.2 - https:\/\/yoast.com\/wordpress\/plugins\/seo\/ -->\n<title>Privacy Policy - Astlanda<\/title>\n<meta name=\"robots\" content=\"index, follow, max-snippet:-1, max-image-preview:large, max-video-preview:-1\" \/>\n<link rel=\"canonical\" href=\"https:\/\/astlandakinnisvara.ee\/en\/privacy-policy\/\" \/>\n<meta property=\"og:locale\" content=\"en_US\" \/>\n<meta property=\"og:type\" content=\"article\" \/>\n<meta property=\"og:title\" content=\"Privacy Policy - Astlanda\" \/>\n<meta property=\"og:description\" content=\"Principles for the processing of personal data by Astlanda Ehitus By using the astlanda.ee website, you agree that O\u00dc Astlanda Ehitus, O\u00dc Astlanda Invest, and O\u00dc Jakobsoni 14 collect and use your data in accordance with this Privacy Policy. Below is a description of what data we collect, how we use it, and your rights [&hellip;]\" \/>\n<meta property=\"og:url\" content=\"https:\/\/astlandakinnisvara.ee\/en\/privacy-policy\/\" \/>\n<meta property=\"og:site_name\" content=\"Astlanda\" \/>\n<meta property=\"article:modified_time\" content=\"2025-05-21T13:16:01+00:00\" \/>\n<meta property=\"og:image\" content=\"https:\/\/astlandakinnisvara.ee\/wp-content\/uploads\/2024\/11\/Lovirahu-68-majad-6-1024x682.jpg\" \/>\n\t<meta property=\"og:image:width\" content=\"1024\" \/>\n\t<meta property=\"og:image:height\" content=\"682\" \/>\n\t<meta property=\"og:image:type\" content=\"image\/jpeg\" \/>\n<meta name=\"twitter:card\" content=\"summary_large_image\" \/>\n<meta name=\"twitter:label1\" content=\"Est. reading time\" \/>\n\t<meta name=\"twitter:data1\" content=\"1 minute\" \/>\n<script type=\"application\/ld+json\" class=\"yoast-schema-graph\">{\"@context\":\"https:\/\/schema.org\",\"@graph\":[{\"@type\":\"WebPage\",\"@id\":\"https:\/\/astlandakinnisvara.ee\/en\/privacy-policy\/\",\"url\":\"https:\/\/astlandakinnisvara.ee\/en\/privacy-policy\/\",\"name\":\"Privacy Policy - Astlanda\",\"isPartOf\":{\"@id\":\"https:\/\/astlandakinnisvara.ee\/en\/#website\"},\"primaryImageOfPage\":{\"@id\":\"https:\/\/astlandakinnisvara.ee\/en\/privacy-policy\/#primaryimage\"},\"image\":{\"@id\":\"https:\/\/astlandakinnisvara.ee\/en\/privacy-policy\/#primaryimage\"},\"thumbnailUrl\":\"https:\/\/astlandakinnisvara.ee\/wp-content\/uploads\/2024\/11\/Lovirahu-68-majad-6.jpg\",\"datePublished\":\"2024-10-07T10:48:46+00:00\",\"dateModified\":\"2025-05-21T13:16:01+00:00\",\"breadcrumb\":{\"@id\":\"https:\/\/astlandakinnisvara.ee\/en\/privacy-policy\/#breadcrumb\"},\"inLanguage\":\"en-US\",\"potentialAction\":[{\"@type\":\"ReadAction\",\"target\":[\"https:\/\/astlandakinnisvara.ee\/en\/privacy-policy\/\"]}]},{\"@type\":\"ImageObject\",\"inLanguage\":\"en-US\",\"@id\":\"https:\/\/astlandakinnisvara.ee\/en\/privacy-policy\/#primaryimage\",\"url\":\"https:\/\/astlandakinnisvara.ee\/wp-content\/uploads\/2024\/11\/Lovirahu-68-majad-6.jpg\",\"contentUrl\":\"https:\/\/astlandakinnisvara.ee\/wp-content\/uploads\/2024\/11\/Lovirahu-68-majad-6.jpg\",\"width\":2560,\"height\":1705},{\"@type\":\"BreadcrumbList\",\"@id\":\"https:\/\/astlandakinnisvara.ee\/en\/privacy-policy\/#breadcrumb\",\"itemListElement\":[{\"@type\":\"ListItem\",\"position\":1,\"name\":\"Home\",\"item\":\"https:\/\/astlandakinnisvara.ee\/en\/\"},{\"@type\":\"ListItem\",\"position\":2,\"name\":\"Privacy Policy\"}]},{\"@type\":\"WebSite\",\"@id\":\"https:\/\/astlandakinnisvara.ee\/en\/#website\",\"url\":\"https:\/\/astlandakinnisvara.ee\/en\/\",\"name\":\"Astlanda\",\"description\":\"Arendusprojektid\",\"potentialAction\":[{\"@type\":\"SearchAction\",\"target\":{\"@type\":\"EntryPoint\",\"urlTemplate\":\"https:\/\/astlandakinnisvara.ee\/en\/?s={search_term_string}\"},\"query-input\":{\"@type\":\"PropertyValueSpecification\",\"valueRequired\":true,\"valueName\":\"search_term_string\"}}],\"inLanguage\":\"en-US\"}]}<\/script>\n<!-- \/ Yoast SEO plugin. -->","yoast_head_json":{"title":"Privacy Policy - Astlanda","robots":{"index":"index","follow":"follow","max-snippet":"max-snippet:-1","max-image-preview":"max-image-preview:large","max-video-preview":"max-video-preview:-1"},"canonical":"https:\/\/astlandakinnisvara.ee\/en\/privacy-policy\/","og_locale":"en_US","og_type":"article","og_title":"Privacy Policy - Astlanda","og_description":"Principles for the processing of personal data by Astlanda Ehitus By using the astlanda.ee website, you agree that O\u00dc Astlanda Ehitus, O\u00dc Astlanda Invest, and O\u00dc Jakobsoni 14 collect and use your data in accordance with this Privacy Policy. Below is a description of what data we collect, how we use it, and your rights [&hellip;]","og_url":"https:\/\/astlandakinnisvara.ee\/en\/privacy-policy\/","og_site_name":"Astlanda","article_modified_time":"2025-05-21T13:16:01+00:00","og_image":[{"width":1024,"height":682,"url":"https:\/\/astlandakinnisvara.ee\/wp-content\/uploads\/2024\/11\/Lovirahu-68-majad-6-1024x682.jpg","type":"image\/jpeg"}],"twitter_card":"summary_large_image","twitter_misc":{"Est. reading time":"1 minute"},"schema":{"@context":"https:\/\/schema.org","@graph":[{"@type":"WebPage","@id":"https:\/\/astlandakinnisvara.ee\/en\/privacy-policy\/","url":"https:\/\/astlandakinnisvara.ee\/en\/privacy-policy\/","name":"Privacy Policy - Astlanda","isPartOf":{"@id":"https:\/\/astlandakinnisvara.ee\/en\/#website"},"primaryImageOfPage":{"@id":"https:\/\/astlandakinnisvara.ee\/en\/privacy-policy\/#primaryimage"},"image":{"@id":"https:\/\/astlandakinnisvara.ee\/en\/privacy-policy\/#primaryimage"},"thumbnailUrl":"https:\/\/astlandakinnisvara.ee\/wp-content\/uploads\/2024\/11\/Lovirahu-68-majad-6.jpg","datePublished":"2024-10-07T10:48:46+00:00","dateModified":"2025-05-21T13:16:01+00:00","breadcrumb":{"@id":"https:\/\/astlandakinnisvara.ee\/en\/privacy-policy\/#breadcrumb"},"inLanguage":"en-US","potentialAction":[{"@type":"ReadAction","target":["https:\/\/astlandakinnisvara.ee\/en\/privacy-policy\/"]}]},{"@type":"ImageObject","inLanguage":"en-US","@id":"https:\/\/astlandakinnisvara.ee\/en\/privacy-policy\/#primaryimage","url":"https:\/\/astlandakinnisvara.ee\/wp-content\/uploads\/2024\/11\/Lovirahu-68-majad-6.jpg","contentUrl":"https:\/\/astlandakinnisvara.ee\/wp-content\/uploads\/2024\/11\/Lovirahu-68-majad-6.jpg","width":2560,"height":1705},{"@type":"BreadcrumbList","@id":"https:\/\/astlandakinnisvara.ee\/en\/privacy-policy\/#breadcrumb","itemListElement":[{"@type":"ListItem","position":1,"name":"Home","item":"https:\/\/astlandakinnisvara.ee\/en\/"},{"@type":"ListItem","position":2,"name":"Privacy Policy"}]},{"@type":"WebSite","@id":"https:\/\/astlandakinnisvara.ee\/en\/#website","url":"https:\/\/astlandakinnisvara.ee\/en\/","name":"Astlanda","description":"Arendusprojektid","potentialAction":[{"@type":"SearchAction","target":{"@type":"EntryPoint","urlTemplate":"https:\/\/astlandakinnisvara.ee\/en\/?s={search_term_string}"},"query-input":{"@type":"PropertyValueSpecification","valueRequired":true,"valueName":"search_term_string"}}],"inLanguage":"en-US"}]}},"_links":{"self":[{"href":"https:\/\/astlandakinnisvara.ee\/en\/wp-json\/wp\/v2\/pages\/1049","targetHints":{"allow":["GET"]}}],"collection":[{"href":"https:\/\/astlandakinnisvara.ee\/en\/wp-json\/wp\/v2\/pages"}],"about":[{"href":"https:\/\/astlandakinnisvara.ee\/en\/wp-json\/wp\/v2\/types\/page"}],"author":[{"embeddable":true,"href":"https:\/\/astlandakinnisvara.ee\/en\/wp-json\/wp\/v2\/users\/1"}],"replies":[{"embeddable":true,"href":"https:\/\/astlandakinnisvara.ee\/en\/wp-json\/wp\/v2\/comments?post=1049"}],"version-history":[{"count":7,"href":"https:\/\/astlandakinnisvara.ee\/en\/wp-json\/wp\/v2\/pages\/1049\/revisions"}],"predecessor-version":[{"id":1185,"href":"https:\/\/astlandakinnisvara.ee\/en\/wp-json\/wp\/v2\/pages\/1049\/revisions\/1185"}],"wp:featuredmedia":[{"embeddable":true,"href":"https:\/\/astlandakinnisvara.ee\/en\/wp-json\/wp\/v2\/media\/834"}],"wp:attachment":[{"href":"https:\/\/astlandakinnisvara.ee\/en\/wp-json\/wp\/v2\/media?parent=1049"}],"curies":[{"name":"wp","href":"https:\/\/api.w.org\/{rel}","templated":true}]}}